{"id":12721,"date":"2022-06-23T14:26:41","date_gmt":"2022-06-23T12:26:41","guid":{"rendered":"https:\/\/www.efaflex.ch\/logistik\/"},"modified":"2024-07-31T11:12:24","modified_gmt":"2024-07-31T09:12:24","slug":"logistique","status":"publish","type":"page","link":"https:\/\/www.efaflex.ch\/fr\/portes-industrielles\/solutions-par-secteur\/logistique\/","title":{"rendered":"Logistique"},"content":{"rendered":"\r\n<script type=\"application\/javascript\">\r\n    window.addEventListener('DOMContentLoaded', function() {\r\n        jQuery(document).ready(function($){\r\n            var sliderid = \"block_6e2d8c921c460e13207209cb93afcf33\";\r\n            $('#'+sliderid).slick({\r\n                infinite: true,\r\n                dots: false,\r\n                lazyLoad: 'ondemand',\r\n                autoplay: false,\r\n                arrows: true,\r\n                fade: true,\r\n                speed: 500,\r\n                pauseOnHover: false,\r\n                prevArrow: '<div class=\"slick-prev slick-button\"><svg xmlns=\"http:\/\/www.w3.org\/2000\/svg\" viewBox=\"0 0 448 512\"><!--! Font Awesome Pro 6.1.1 by @fontawesome - https:\/\/fontawesome.com License - https:\/\/fontawesome.com\/license (Commercial License) Copyright 2022 Fonticons, Inc. --><path d=\"M77.25 256l137.4-137.4c12.5-12.5 12.5-32.75 0-45.25s-32.75-12.5-45.25 0l-160 160c-12.5 12.5-12.5 32.75 0 45.25l160 160C175.6 444.9 183.8 448 192 448s16.38-3.125 22.62-9.375c12.5-12.5 12.5-32.75 0-45.25L77.25 256zM269.3 256l137.4-137.4c12.5-12.5 12.5-32.75 0-45.25s-32.75-12.5-45.25 0l-160 160c-12.5 12.5-12.5 32.75 0 45.25l160 160C367.6 444.9 375.8 448 384 448s16.38-3.125 22.62-9.375c12.5-12.5 12.5-32.75 0-45.25L269.3 256z\"\/><\/svg><\/div>',\r\n                nextArrow: '<div class=\"slick-next slick-button\"><svg xmlns=\"http:\/\/www.w3.org\/2000\/svg\" viewBox=\"0 0 448 512\"><!--! Font Awesome Pro 6.1.1 by @fontawesome - https:\/\/fontawesome.com License - https:\/\/fontawesome.com\/license (Commercial License) Copyright 2022 Fonticons, Inc. --><path fill=\"ff0000\" style=\"height: 22px\" d=\"M246.6 233.4l-160-160c-12.5-12.5-32.75-12.5-45.25 0s-12.5 32.75 0 45.25L178.8 256l-137.4 137.4c-12.5 12.5-12.5 32.75 0 45.25C47.63 444.9 55.81 448 64 448s16.38-3.125 22.62-9.375l160-160C259.1 266.1 259.1 245.9 246.6 233.4zM438.6 233.4l-160-160c-12.5-12.5-32.75-12.5-45.25 0s-12.5 32.75 0 45.25L370.8 256l-137.4 137.4c-12.5 12.5-12.5 32.75 0 45.25C239.6 444.9 247.8 448 256 448s16.38-3.125 22.62-9.375l160-160C451.1 266.1 451.1 245.9 438.6 233.4z\"\/><\/svg><\/div>',\r\n            });\r\n        });\r\n    });\r\n<\/script>\r\n\r\n<div id=\"block_6e2d8c921c460e13207209cb93afcf33\" class=\"bild-video-text-slider block-header-bild-video-text-slider\">\r\n                        <div>\r\n                <div class=\"bild-video-text-slider--slide\">\r\n                                            <div class=\"img-vid-box\">\r\n                            <div class=\"img-sizer\">\r\n                                <img decoding=\"async\" width=\"1920\" height=\"800\" src=\"https:\/\/www.efaflex.ch\/wp-content\/uploads\/sites\/5\/2022\/07\/logistik-branche-industrietore-produktion-efaflex-1920x800.jpg\" class=\"attachment-image-big size-image-big\" alt=\"\" \/>                            <\/div>\r\n                        <\/div>\r\n                        <div class=\"video-text\">\r\n                            <h1>Processus irr\u00e9prochables et <span class=\"highlighted\">normes de s\u00e9curit\u00e9 maximales.<\/span><\/h1>\n                        <\/div>\r\n                                    <\/div>\r\n\r\n            <\/div>\r\n            <\/div>\n\n\r\n\r\n<div id=\"breadcrump-block_1daa9038fa993a43ac615aeabf6ac0e8\" class=\"inner\">\r\n        <nav class=\"breadcrumb\"><a href=\"https:\/\/www.efaflex.ch\/fr\/\">Page d&#8217;accueil<\/a> \/ <span class=\"current-page\">Page<\/span><\/nav>    <\/div>\n\n\n<div style=\"height:100px\" aria-hidden=\"true\" class=\"wp-block-spacer\"><\/div>\n\n\n\r\n\r\n<div id=\"textmodul-3-spalten-block_1be0c6cbff296eef6fc3f28cc7f6982d\" class=\"textmodul-3-spalten\">\r\n    <div class=\"inner\">\r\n        <div class=\"custom-flex-box\">\r\n                            <h2 class=\"flex-box-thirty break headline-two false\">Des solutions de porte pour le secteur de la logistique.<\/h2>\r\n                        <div class=\"flex-box-thirty\"><p>Le secteur de la logistique fait le lien entre l\u2019entreprise, le distributeur et le consommateur final. Dans la gestion des flux de marchandises, l\u2019efficacit\u00e9 et le bon d\u00e9roulement du processus sont les principaux facteurs de r\u00e9ussite. Les portes rapides d\u00e9velopp\u00e9es sp\u00e9cialement pour le secteur de la logistique d\u2019EFAFLEX acc\u00e9l\u00e8rent vos processus logistiques, r\u00e9duisent vos d\u00e9penses \u00e9nerg\u00e9tiques et<\/p>\n<\/div>\r\n            <div class=\"flex-box-thirty\"><p>r\u00e9pondent en outre aux normes de s\u00e9curit\u00e9 les plus strictes. EFAFLEX propose une vaste gamme de syst\u00e8mes de porte individuels pour une utilisation en int\u00e9rieur et en ext\u00e9rieur. Toutes les portes logistiques sont adapt\u00e9es aux besoins individuels des clients et s\u00e9duisent par leur vitesse, leur diversit\u00e9 et une longue dur\u00e9e de vie.<\/p>\n<\/div>\r\n        <\/div>\r\n    <\/div>\r\n<\/div>\r\n\n\n\n<div style=\"height:100px\" aria-hidden=\"true\" class=\"wp-block-spacer\"><\/div>\n\n\n\r\n<div class=\"bild-fullsize-container\">\r\n            <div class=\"inner\">\r\n                                                                            <img decoding=\"async\" width=\"1920\" height=\"1358\" src=\"https:\/\/www.efaflex.ch\/wp-content\/uploads\/sites\/5\/2023\/07\/230712_EFX_1_Storybooks_Logistics_EN.jpg\" class=\"attachment-1536\u00d71536 size-1536\u00d71536\" alt=\"\" srcset=\"https:\/\/www.efaflex.ch\/wp-content\/uploads\/sites\/5\/2023\/07\/230712_EFX_1_Storybooks_Logistics_EN.jpg 1920w, https:\/\/www.efaflex.ch\/wp-content\/uploads\/sites\/5\/2023\/07\/230712_EFX_1_Storybooks_Logistics_EN-300x212.jpg 300w, https:\/\/www.efaflex.ch\/wp-content\/uploads\/sites\/5\/2023\/07\/230712_EFX_1_Storybooks_Logistics_EN-1024x724.jpg 1024w, https:\/\/www.efaflex.ch\/wp-content\/uploads\/sites\/5\/2023\/07\/230712_EFX_1_Storybooks_Logistics_EN-768x543.jpg 768w, https:\/\/www.efaflex.ch\/wp-content\/uploads\/sites\/5\/2023\/07\/230712_EFX_1_Storybooks_Logistics_EN-1536x1086.jpg 1536w\" sizes=\"(max-width: 1920px) 100vw, 1920px\" \/>                    <\/div>\r\n    <\/div>\r\n\n\n\n<div style=\"height:100px\" aria-hidden=\"true\" class=\"wp-block-spacer\"><\/div>\n\n\n\r\n\r\n<script type=\"application\/javascript\">\r\n    window.addEventListener('DOMContentLoaded', function() {\r\n        jQuery(document).ready(function($){\r\n            $('.slider-produktvergleich').slick({\r\n                infinite: true,\r\n                dots: false,\r\n                lazyLoad: 'ondemand',\r\n                arrows: false,\r\n                fade: true,\r\n                speed: 500,\r\n                pauseOnHover: true,\r\n                asNavFor: '.slider-produktvergleich-nav',\r\n            });\r\n\r\n            $('.slider-produktvergleich-nav').slick({\r\n                infinite: true,\r\n                dots: false,\r\n                lazyLoad: 'ondemand',\r\n                arrows: true,\r\n                fade: false,\r\n                speed: 500,\r\n                pauseOnHover: true,\r\n                asNavFor: '.slider-produktvergleich',\r\n                focusOnSelect: true,\r\n                slidesToShow: 4,\r\n                slidesToScroll: 1,\r\n                swipeToSlide: true,\r\n                prevArrow: '<div class=\"slick-prev slick-button\"><svg xmlns=\"http:\/\/www.w3.org\/2000\/svg\" viewBox=\"0 0 448 512\"><!--! Font Awesome Pro 6.1.1 by @fontawesome - https:\/\/fontawesome.com License - https:\/\/fontawesome.com\/license (Commercial License) Copyright 2022 Fonticons, Inc. --><path d=\"M77.25 256l137.4-137.4c12.5-12.5 12.5-32.75 0-45.25s-32.75-12.5-45.25 0l-160 160c-12.5 12.5-12.5 32.75 0 45.25l160 160C175.6 444.9 183.8 448 192 448s16.38-3.125 22.62-9.375c12.5-12.5 12.5-32.75 0-45.25L77.25 256zM269.3 256l137.4-137.4c12.5-12.5 12.5-32.75 0-45.25s-32.75-12.5-45.25 0l-160 160c-12.5 12.5-12.5 32.75 0 45.25l160 160C367.6 444.9 375.8 448 384 448s16.38-3.125 22.62-9.375c12.5-12.5 12.5-32.75 0-45.25L269.3 256z\"\/><\/svg><\/div>',\r\n                nextArrow: '<div class=\"slick-next slick-button\"><svg xmlns=\"http:\/\/www.w3.org\/2000\/svg\" viewBox=\"0 0 448 512\"><!--! Font Awesome Pro 6.1.1 by @fontawesome - https:\/\/fontawesome.com License - https:\/\/fontawesome.com\/license (Commercial License) Copyright 2022 Fonticons, Inc. --><path fill=\"ff0000\" style=\"height: 22px\" d=\"M246.6 233.4l-160-160c-12.5-12.5-32.75-12.5-45.25 0s-12.5 32.75 0 45.25L178.8 256l-137.4 137.4c-12.5 12.5-12.5 32.75 0 45.25C47.63 444.9 55.81 448 64 448s16.38-3.125 22.62-9.375l160-160C259.1 266.1 259.1 245.9 246.6 233.4zM438.6 233.4l-160-160c-12.5-12.5-32.75-12.5-45.25 0s-12.5 32.75 0 45.25L370.8 256l-137.4 137.4c-12.5 12.5-12.5 32.75 0 45.25C239.6 444.9 247.8 448 256 448s16.38-3.125 22.62-9.375l160-160C451.1 266.1 451.1 245.9 438.6 233.4z\"\/><\/svg><\/div>',\r\n                responsive: [\r\n                    {\r\n                        breakpoint: 768,\r\n                        settings: {\r\n                            slidesToShow: 3,\r\n                        }\r\n                    },\r\n                    {\r\n                        breakpoint: 480,\r\n                        settings: {\r\n                            slidesToShow: 2,\r\n                        }\r\n                    }\r\n                ]\r\n            });\r\n        });\r\n    });\r\n<\/script>\r\n\r\n<div class=\"inner slider-produktvergleich-container\">\r\n    <div class=\"slider-produktvergleich-container--flex\">\r\n        <div id=\"slider-produktvergleich-block_94a43cdc30c59d42365082e885480443\" class=\"slider-produktvergleich\">\r\n                                                <div class=\"single-slide\">\r\n                        <div class=\"single-slide-img-area\">\r\n                                                                                                                    <img decoding=\"async\" width=\"1083\" height=\"720\" src=\"https:\/\/www.efaflex.ch\/wp-content\/uploads\/sites\/5\/2022\/07\/logistik-branche-industrietore-innenansicht-efaflex-1083x720.jpg\" class=\"attachment-slider-produktvergleich-full size-slider-produktvergleich-full\" alt=\"\" srcset=\"https:\/\/www.efaflex.ch\/wp-content\/uploads\/sites\/5\/2022\/07\/logistik-branche-industrietore-innenansicht-efaflex-1083x720.jpg 1083w, https:\/\/www.efaflex.ch\/wp-content\/uploads\/sites\/5\/2022\/07\/logistik-branche-industrietore-innenansicht-efaflex-300x200.jpg 300w, https:\/\/www.efaflex.ch\/wp-content\/uploads\/sites\/5\/2022\/07\/logistik-branche-industrietore-innenansicht-efaflex-1024x682.jpg 1024w, https:\/\/www.efaflex.ch\/wp-content\/uploads\/sites\/5\/2022\/07\/logistik-branche-industrietore-innenansicht-efaflex-768x511.jpg 768w, https:\/\/www.efaflex.ch\/wp-content\/uploads\/sites\/5\/2022\/07\/logistik-branche-industrietore-innenansicht-efaflex-1536x1022.jpg 1536w, https:\/\/www.efaflex.ch\/wp-content\/uploads\/sites\/5\/2022\/07\/logistik-branche-industrietore-innenansicht-efaflex-382x254.jpg 382w, https:\/\/www.efaflex.ch\/wp-content\/uploads\/sites\/5\/2022\/07\/logistik-branche-industrietore-innenansicht-efaflex.jpg 1800w\" sizes=\"(max-width: 1083px) 100vw, 1083px\" \/>                                                    <\/div>\r\n                    <\/div>\r\n                                    <\/div>\r\n\r\n        <div class=\"single-slide-text-area\">\r\n            <h2><strong>Logistique<\/strong><\/h2>\n<ul>\n<li>Des solutions de porte sp\u00e9cifiques \u00e0 l\u2019industrie pour un bon fonctionnement de la logistique.<\/li>\n<li>Des vitesses d\u2019ouverture et de fermeture \u00e9lev\u00e9es allant jusqu\u2019\u00e0 3,6\u00a0m\/s<\/li>\n<li>Une tr\u00e8s bonne r\u00e9sistance au vent, id\u00e9ale pour les cloisonnements de hangars.<\/li>\n<li>Divers domaines d\u2019utilisation\u00a0: de l\u2019entrep\u00f4t \u00e0 hauts rayonnages \u00e0 la zone de cong\u00e9lation.<\/li>\n<\/ul>\n        <\/div>\r\n    <\/div>\r\n\r\n    <div class=\"slider-produktvergleich-nav\">\r\n                                    <div class=\"single-nav-slide\">\r\n                                                            <div class=\"img-box\" style=\"background-image: url('https:\/\/www.efaflex.ch\/wp-content\/uploads\/sites\/5\/2022\/07\/logistik-branche-industrietore-innenansicht-efaflex-382x254.jpg')\"><\/div>\r\n                <\/div>\r\n                        <\/div>\r\n<\/div>\n\n\n<div style=\"height:100px\" aria-hidden=\"true\" class=\"wp-block-spacer\"><\/div>\n\n\n\r\n<div class=\"inner\">\r\n            <h2>Portes rapides pour le secteur de la logistique<\/h2>\r\n        <div class=\"custom-flex-box\">\r\n        \r\n        \r\n        \r\n                            \r\n                \r\n                                    \r\n                        <a href=\"https:\/\/www.efaflex.ch\/fr\/portes-rapides\/portes-a-enroulement\/serie-r\/efa-srt-premium\/\" class=\"single-kategorie-block flex-box-twentyfive\"  style=\"background-image: url(' https:\/\/www.efaflex.ch\/wp-content\/uploads\/sites\/5\/2022\/06\/serie-r-schnelllauf-rolltore-premium-efa-srt-vorschau-efaflex.jpg')\">\r\n                            <div class=\"text-content\">\r\n                                <span>EFA-SRT\u00ae <\/span>\r\n                                                                    <h3 class=\"medium-h2\">Porte rapide \u00e0 enroulement EFA-SRT\u00ae Premium<\/h3>\r\n                                \r\n                                <div class=\"load-more-button\">En savoir plus<\/div>\r\n\r\n                            <\/div>\r\n                            <div class=\"gradient-background\"><\/div>                        <\/a>\r\n\r\n                    \r\n                        <a href=\"https:\/\/www.efaflex.ch\/fr\/portes-rapides\/portes-a-enroulement-spirale\/serie-s\/efa-sst-tk-100\/\" class=\"single-kategorie-block flex-box-twentyfive\"  style=\"background-image: url(' https:\/\/www.efaflex.ch\/wp-content\/uploads\/sites\/5\/2022\/06\/serie-s-spiraltor-innenansicht-halboffen-efa-sst-tk-100-vorschau-efaflex.jpg')\">\r\n                            <div class=\"text-content\">\r\n                                <span>EFA-SST\u00ae TK-100 <\/span>\r\n                                                                    <h3 class=\"medium-h2\">Porte rapide \u00e0 spirale EFA-SST\u00ae TK-100<\/h3>\r\n                                \r\n                                <div class=\"load-more-button\">En savoir plus<\/div>\r\n\r\n                            <\/div>\r\n                            <div class=\"gradient-background\"><\/div>                        <\/a>\r\n\r\n                    \r\n                        <a href=\"https:\/\/www.efaflex.ch\/fr\/portes-rapides\/portes-a-enroulement-spirale\/serie-efaprotect\/efa-sst-efficient-rc2\/\" class=\"single-kategorie-block flex-box-twentyfive\"  style=\"background-image: url(' https:\/\/www.efaflex.ch\/wp-content\/uploads\/sites\/5\/2022\/06\/serie-s-schnellauftor-spiraltor-efa-sst-efficient-vorschau-efaflex.jpg')\">\r\n                            <div class=\"text-content\">\r\n                                <span>EFA-SST\u00ae Efficient <\/span>\r\n                                                                    <h3 class=\"medium-h2\">Porte rapide \u00e0 spirale EFA-SST\u00ae Efficient (RC2)<\/h3>\r\n                                \r\n                                <div class=\"load-more-button\">En savoir plus<\/div>\r\n\r\n                            <\/div>\r\n                            <div class=\"gradient-background\"><\/div>                        <\/a>\r\n\r\n                    \r\n                        <a href=\"https:\/\/www.efaflex.ch\/fr\/portes-rapides\/portes-a-enroulement\/serie-mtl\/efa-srt-mtl\/\" class=\"single-kategorie-block flex-box-twentyfive\"  style=\"background-image: url(' https:\/\/www.efaflex.ch\/wp-content\/uploads\/sites\/5\/2022\/07\/serie-r-rolltor-efa-srt-mtl-produktion-vorschau-efaflex.jpg')\">\r\n                            <div class=\"text-content\">\r\n                                <span>EFA-SRT\u00ae MTL <\/span>\r\n                                                                    <h3 class=\"medium-h2\">Porte rapide \u00e0 enroulement EFA-SRT\u00ae MTL<\/h3>\r\n                                \r\n                                <div class=\"load-more-button\">En savoir plus<\/div>\r\n\r\n                            <\/div>\r\n                            <div class=\"gradient-background\"><\/div>                        <\/a>\r\n\r\n                    \r\n                        <a href=\"https:\/\/www.efaflex.ch\/fr\/portes-rapides\/portes-a-enroulement-spirale\/next-generation\/efa-sst-alux\/\" class=\"single-kategorie-block flex-box-twentyfive\"  style=\"background-image: url(' https:\/\/www.efaflex.ch\/wp-content\/uploads\/sites\/5\/2024\/04\/EFA-ALUX-plattformtor-efaflex.jpg')\">\r\n                            <div class=\"text-content\">\r\n                                <span>EFA-SST\u00ae Alux<\/span>\r\n                                                                    <h3 class=\"medium-h2\">Porte rapide \u00e0 spirale EFA-SST\u00ae Alux<\/h3>\r\n                                \r\n                                <div class=\"load-more-button\">En savoir plus<\/div>\r\n\r\n                            <\/div>\r\n                            <div class=\"gradient-background\"><\/div>                        <\/a>\r\n\r\n                    \r\n                        <a href=\"https:\/\/www.efaflex.ch\/fr\/portes-rapides\/portes-a-enroulement-spirale\/next-generation\/efa-str-flex\/\" class=\"single-kategorie-block flex-box-twentyfive\"  style=\"background-image: url(' https:\/\/www.efaflex.ch\/wp-content\/uploads\/sites\/5\/2024\/04\/EFA-STR-flex-plattformfor-efaflex.jpg')\">\r\n                            <div class=\"text-content\">\r\n                                <span>EFA-STR\u00ae Flex<\/span>\r\n                                                                    <h3 class=\"medium-h2\">Turbo-porte rapide \u00e0 enroulement EFA-STR\u00ae Flex<\/h3>\r\n                                \r\n                                <div class=\"load-more-button\">En savoir plus<\/div>\r\n\r\n                            <\/div>\r\n                            <div class=\"gradient-background\"><\/div>                        <\/a>\r\n\r\n                    \r\n                        <a href=\"https:\/\/www.efaflex.ch\/fr\/peripherie-et-accessoires\/capteurs-et-securite\/efa-3d-scan\/\" class=\"single-kategorie-block flex-box-twentyfive\"  style=\"background-image: url(' https:\/\/www.efaflex.ch\/wp-content\/uploads\/sites\/5\/2024\/07\/widescan-front-web-1.jpg')\">\r\n                            <div class=\"text-content\">\r\n                                <span>EFA-3D-SCAN<\/span>\r\n                                                                    <h3 class=\"medium-h2\">EFA-3D-SCAN<\/h3>\r\n                                \r\n                                <div class=\"load-more-button\">En savoir plus<\/div>\r\n\r\n                            <\/div>\r\n                            <div class=\"gradient-background\"><\/div>                        <\/a>\r\n\r\n                    \r\n                        <a href=\"https:\/\/www.efaflex.ch\/fr\/porte-rapide\/efa-srt-ms-performance\/\" class=\"single-kategorie-block flex-box-twentyfive\"  >\r\n                            <div class=\"text-content\">\r\n                                <span><\/span>\r\n                                                                    <h3 class=\"medium-h2\">Porte rapide \u00e0 enroulement EFA-SRT\u00ae MS Performance<\/h3>\r\n                                \r\n                                <div class=\"load-more-button\">En savoir plus<\/div>\r\n\r\n                            <\/div>\r\n                                                    <\/a>\r\n\r\n                                                        \r\n                        <\/div>\r\n    <\/div>\r\n\r\n\n\n\n<div style=\"height:200px\" aria-hidden=\"true\" class=\"wp-block-spacer\"><\/div>\n\n\n<div id=\"contact-modul-block_1567eaa31babea4652df0a4384e27ec2\" class=\"contact-modul contact-modul-fifty\">\r\n    <div class=\"inner\">\r\n        <div class=\"custom-flex-box\">\r\n            <div class=\"flex-box-fifty\">\r\n                                                            <h2>Vous avez des questions ?<\/h2>\r\n                                                                        <\/div>\r\n            <div class=\"flex-box-fifty contact-modul--contact\">\r\n                                                            <span>Prenez contact avec nous.<\/span>\r\n                        <p>Nous sommes l\u00e0 pour vous!<\/p>\r\n                                                                            <a class=\"load-more-button\" href=\"https:\/\/www.efaflex.ch\/fr\/contact\/\" target=\"\">Vers le formulaire de contact en ligne<\/a>\r\n                                                                        <\/div>\r\n        <\/div>\r\n    <\/div>\r\n<\/div>\n\n\n<div style=\"height:200px\" aria-hidden=\"true\" class=\"wp-block-spacer\"><\/div>\n\n\n<div class=\"inner\">\r\n    <div id=\"bild-text-modul-1-3-block_5d97f258ef349e02e3e74a7f40f7dc2d\" class=\"themen-container custom-flex-box\">\r\n                                    <div class=\"thema-box flex-box-thirty\">\r\n                                            <div class=\"bild-box\">\r\n                                                                                                                    <img decoding=\"async\" width=\"517\" height=\"306\" src=\"https:\/\/www.efaflex.ch\/wp-content\/uploads\/sites\/5\/2022\/07\/ausschreibungstexte-service-klein-efaflex.jpg\" class=\"attachment-thementease-thumbnail size-thementease-thumbnail\" alt=\"\" srcset=\"https:\/\/www.efaflex.ch\/wp-content\/uploads\/sites\/5\/2022\/07\/ausschreibungstexte-service-klein-efaflex.jpg 517w, https:\/\/www.efaflex.ch\/wp-content\/uploads\/sites\/5\/2022\/07\/ausschreibungstexte-service-klein-efaflex-300x178.jpg 300w\" sizes=\"(max-width: 517px) 100vw, 517px\" \/>                                                    <\/div>\r\n                                            \r\n                                                                <h2 class=\"headline-two\">\r\n                                                        Textes d\u2019appels d\u2019offres                        <\/h2>\r\n                    \r\n                        <p class=\"normal-font\">Nous mettons des textes d\u2019appels d\u2019offres d\u00e9taill\u00e9s de nos produits \u00e0 la disposition des architectes et planificateurs. Il ne vous reste qu\u2019\u00e0 indiquer la hauteur et la largeur de passage, la couleur et la disposition du moteur.<\/p>\r\n                                                                                                                                                                                                        <a href=\"https:\/\/www.efaflex.ch\/fr\/service-apres-vente\/textes-dappels-doffres\/\" class=\"load-more-button\">En savoir plus<\/a>\r\n                                                                                                                                    <\/div>\r\n                            <div class=\"thema-box flex-box-thirty\">\r\n                                            <div class=\"bild-box\">\r\n                                                                                                                    <img decoding=\"async\" width=\"517\" height=\"306\" src=\"https:\/\/www.efaflex.ch\/wp-content\/uploads\/sites\/5\/2022\/07\/Digitales_Tor_Tablet_A3-5-1.jpg\" class=\"attachment-thementease-thumbnail size-thementease-thumbnail\" alt=\"\" srcset=\"https:\/\/www.efaflex.ch\/wp-content\/uploads\/sites\/5\/2022\/07\/Digitales_Tor_Tablet_A3-5-1.jpg 517w, https:\/\/www.efaflex.ch\/wp-content\/uploads\/sites\/5\/2022\/07\/Digitales_Tor_Tablet_A3-5-1-300x178.jpg 300w\" sizes=\"(max-width: 517px) 100vw, 517px\" \/>                                                    <\/div>\r\n                                            \r\n                                                                <h2 class=\"headline-two\">\r\n                                                        Contact                        <\/h2>\r\n                    \r\n                        <p class=\"normal-font\">Vous pouvez joindre nos collaboratrices et collaborateurs EFAFLEX sp\u00e9cialis\u00e9s via notre assistance t\u00e9l\u00e9phonique permanente en langue allemande, par e-mail et, bien s\u00fbr, par l\u2019interm\u00e9diaire de votre interlocuteur personnel sur place.<\/p>\r\n                                                                                                                                                                                                        <a href=\"https:\/\/www.efaflex.ch\/fr\/contact\/\" class=\"load-more-button\">En savoir plus<\/a>\r\n                                                                                                                                    <\/div>\r\n                        <\/div>\r\n<\/div>\r\n\n\n\n<div style=\"height:100px\" aria-hidden=\"true\" class=\"wp-block-spacer\"><\/div>\n","protected":false},"excerpt":{"rendered":"","protected":false},"author":10,"featured_media":0,"parent":12758,"menu_order":34,"comment_status":"closed","ping_status":"closed","template":"","meta":{"_acf_changed":false,"footnotes":""},"class_list":["post-12721","page","type-page","status-publish","hentry"],"acf":[],"_links":{"self":[{"href":"https:\/\/www.efaflex.ch\/fr\/wp-json\/wp\/v2\/pages\/12721","targetHints":{"allow":["GET"]}}],"collection":[{"href":"https:\/\/www.efaflex.ch\/fr\/wp-json\/wp\/v2\/pages"}],"about":[{"href":"https:\/\/www.efaflex.ch\/fr\/wp-json\/wp\/v2\/types\/page"}],"author":[{"embeddable":true,"href":"https:\/\/www.efaflex.ch\/fr\/wp-json\/wp\/v2\/users\/10"}],"replies":[{"embeddable":true,"href":"https:\/\/www.efaflex.ch\/fr\/wp-json\/wp\/v2\/comments?post=12721"}],"version-history":[{"count":12,"href":"https:\/\/www.efaflex.ch\/fr\/wp-json\/wp\/v2\/pages\/12721\/revisions"}],"predecessor-version":[{"id":17797,"href":"https:\/\/www.efaflex.ch\/fr\/wp-json\/wp\/v2\/pages\/12721\/revisions\/17797"}],"up":[{"embeddable":true,"href":"https:\/\/www.efaflex.ch\/fr\/wp-json\/wp\/v2\/pages\/12758"}],"wp:attachment":[{"href":"https:\/\/www.efaflex.ch\/fr\/wp-json\/wp\/v2\/media?parent=12721"}],"curies":[{"name":"wp","href":"https:\/\/api.w.org\/{rel}","templated":true}]}}