{"id":12722,"date":"2022-06-23T14:26:12","date_gmt":"2022-06-23T12:26:12","guid":{"rendered":"https:\/\/www.efaflex.ch\/sicherheitsbereich\/"},"modified":"2024-07-31T11:10:04","modified_gmt":"2024-07-31T09:10:04","slug":"zone-de-securite","status":"publish","type":"page","link":"https:\/\/www.efaflex.ch\/fr\/portes-industrielles\/solutions-par-secteur\/zone-de-securite\/","title":{"rendered":"Zone de s\u00e9curit\u00e9\u00a0"},"content":{"rendered":"\r\n<script type=\"application\/javascript\">\r\n    window.addEventListener('DOMContentLoaded', function() {\r\n        jQuery(document).ready(function($){\r\n            var sliderid = \"block_6898da1fc0a7b39b6a28a66dcdd224be\";\r\n            $('#'+sliderid).slick({\r\n                infinite: true,\r\n                dots: false,\r\n                lazyLoad: 'ondemand',\r\n                autoplay: false,\r\n                arrows: true,\r\n                fade: true,\r\n                speed: 500,\r\n                pauseOnHover: false,\r\n                prevArrow: '<div class=\"slick-prev slick-button\"><svg xmlns=\"http:\/\/www.w3.org\/2000\/svg\" viewBox=\"0 0 448 512\"><!--! Font Awesome Pro 6.1.1 by @fontawesome - https:\/\/fontawesome.com License - https:\/\/fontawesome.com\/license (Commercial License) Copyright 2022 Fonticons, Inc. --><path d=\"M77.25 256l137.4-137.4c12.5-12.5 12.5-32.75 0-45.25s-32.75-12.5-45.25 0l-160 160c-12.5 12.5-12.5 32.75 0 45.25l160 160C175.6 444.9 183.8 448 192 448s16.38-3.125 22.62-9.375c12.5-12.5 12.5-32.75 0-45.25L77.25 256zM269.3 256l137.4-137.4c12.5-12.5 12.5-32.75 0-45.25s-32.75-12.5-45.25 0l-160 160c-12.5 12.5-12.5 32.75 0 45.25l160 160C367.6 444.9 375.8 448 384 448s16.38-3.125 22.62-9.375c12.5-12.5 12.5-32.75 0-45.25L269.3 256z\"\/><\/svg><\/div>',\r\n                nextArrow: '<div class=\"slick-next slick-button\"><svg xmlns=\"http:\/\/www.w3.org\/2000\/svg\" viewBox=\"0 0 448 512\"><!--! Font Awesome Pro 6.1.1 by @fontawesome - https:\/\/fontawesome.com License - https:\/\/fontawesome.com\/license (Commercial License) Copyright 2022 Fonticons, Inc. --><path fill=\"ff0000\" style=\"height: 22px\" d=\"M246.6 233.4l-160-160c-12.5-12.5-32.75-12.5-45.25 0s-12.5 32.75 0 45.25L178.8 256l-137.4 137.4c-12.5 12.5-12.5 32.75 0 45.25C47.63 444.9 55.81 448 64 448s16.38-3.125 22.62-9.375l160-160C259.1 266.1 259.1 245.9 246.6 233.4zM438.6 233.4l-160-160c-12.5-12.5-32.75-12.5-45.25 0s-12.5 32.75 0 45.25L370.8 256l-137.4 137.4c-12.5 12.5-12.5 32.75 0 45.25C239.6 444.9 247.8 448 256 448s16.38-3.125 22.62-9.375l160-160C451.1 266.1 451.1 245.9 438.6 233.4z\"\/><\/svg><\/div>',\r\n            });\r\n        });\r\n    });\r\n<\/script>\r\n\r\n<div id=\"block_6898da1fc0a7b39b6a28a66dcdd224be\" class=\"bild-video-text-slider block-header-bild-video-text-slider\">\r\n                        <div>\r\n                <div class=\"bild-video-text-slider--slide\">\r\n                                            <div class=\"img-vid-box\">\r\n                            <div class=\"img-sizer\">\r\n                                <img decoding=\"async\" width=\"1920\" height=\"800\" src=\"https:\/\/www.efaflex.ch\/wp-content\/uploads\/sites\/5\/2022\/07\/sicherheit-branche-industrietore-frontansicht-efaflex-1920x800.jpg\" class=\"attachment-image-big size-image-big\" alt=\"\" \/>                            <\/div>\r\n                        <\/div>\r\n                        <div class=\"video-text\">\r\n                            <h1><span class=\"highlighted\">Solutions de s\u00e9curit\u00e9<\/span> fiables et efficaces.<\/h1>\n                        <\/div>\r\n                                    <\/div>\r\n\r\n            <\/div>\r\n            <\/div>\n\n\r\n\r\n<div id=\"breadcrump-block_0cbf50f9f3ed0c8f00227a101f179311\" class=\"inner\">\r\n        <nav class=\"breadcrumb\"><a href=\"https:\/\/www.efaflex.ch\/fr\/\">Page d&#8217;accueil<\/a> \/ <span class=\"current-page\">Page<\/span><\/nav>    <\/div>\n\n\n<div style=\"height:100px\" aria-hidden=\"true\" class=\"wp-block-spacer\"><\/div>\n\n\n\r\n\r\n<div id=\"textmodul-3-spalten-block_2087a2bdc83e799e92106e7be75551df\" class=\"textmodul-3-spalten\">\r\n    <div class=\"inner\">\r\n        <div class=\"custom-flex-box\">\r\n                            <h2 class=\"flex-box-thirty break headline-two false\">Des solutions de porte pour les zones de s\u00e9curit\u00e9.<\/h2>\r\n                        <div class=\"flex-box-thirty\"><p>Chaque ann\u00e9e, les dommages caus\u00e9s par des effractions dans des entreprises, cabinets et bureaux sont estim\u00e9s \u00e0 plusieurs centaines de millions d\u2019euros. Avec les solutions de s\u00e9curit\u00e9 d\u2019EFAFLEX, vous vous prot\u00e9gez efficacement contre le vol et le vandalisme. Nos portes de s\u00e9curit\u00e9 s\u00e9duisent par leur construction robuste, des vitesses d\u2019ouverture et de fermeture \u00e9lev\u00e9es et une r\u00e9sistance<\/p>\n<\/div>\r\n            <div class=\"flex-box-thirty\"><p>certifi\u00e9e: la porte EFA-SST\u00ae Secure est certifi\u00e9e selon la classe de r\u00e9sistance RC 4 (disponible \u00e9galement en version RC3) et est consid\u00e9r\u00e9e comme la porte rapide la plus s\u00fbre au monde. Avec ses montants fins et une classe de r\u00e9sistance 2, l\u2019EFA-SST\u00ae Efficient garantit la s\u00e9curit\u00e9 dans les espaces les plus restreints.<\/p>\n<\/div>\r\n        <\/div>\r\n    <\/div>\r\n<\/div>\r\n\n\n\n<div style=\"height:100px\" aria-hidden=\"true\" class=\"wp-block-spacer\"><\/div>\n\n\n\r\n<div class=\"bild-fullsize-container\">\r\n            <div class=\"inner\">\r\n                                                                            <img decoding=\"async\" width=\"1920\" height=\"1358\" src=\"https:\/\/www.efaflex.ch\/wp-content\/uploads\/sites\/5\/2022\/07\/sicherheit-branche-industrietore-grafik-en-efaflex-1.jpg\" class=\"attachment-1536\u00d71536 size-1536\u00d71536\" alt=\"\" srcset=\"https:\/\/www.efaflex.ch\/wp-content\/uploads\/sites\/5\/2022\/07\/sicherheit-branche-industrietore-grafik-en-efaflex-1.jpg 1920w, https:\/\/www.efaflex.ch\/wp-content\/uploads\/sites\/5\/2022\/07\/sicherheit-branche-industrietore-grafik-en-efaflex-1-300x212.jpg 300w, https:\/\/www.efaflex.ch\/wp-content\/uploads\/sites\/5\/2022\/07\/sicherheit-branche-industrietore-grafik-en-efaflex-1-1024x724.jpg 1024w, https:\/\/www.efaflex.ch\/wp-content\/uploads\/sites\/5\/2022\/07\/sicherheit-branche-industrietore-grafik-en-efaflex-1-768x543.jpg 768w, https:\/\/www.efaflex.ch\/wp-content\/uploads\/sites\/5\/2022\/07\/sicherheit-branche-industrietore-grafik-en-efaflex-1-1536x1086.jpg 1536w\" sizes=\"(max-width: 1920px) 100vw, 1920px\" \/>                    <\/div>\r\n    <\/div>\r\n\n\n\n<div style=\"height:100px\" aria-hidden=\"true\" class=\"wp-block-spacer\"><\/div>\n\n\n\r\n\r\n<script type=\"application\/javascript\">\r\n    window.addEventListener('DOMContentLoaded', function() {\r\n        jQuery(document).ready(function($){\r\n            $('.slider-produktvergleich').slick({\r\n                infinite: true,\r\n                dots: false,\r\n                lazyLoad: 'ondemand',\r\n                arrows: false,\r\n                fade: true,\r\n                speed: 500,\r\n                pauseOnHover: true,\r\n                asNavFor: '.slider-produktvergleich-nav',\r\n            });\r\n\r\n            $('.slider-produktvergleich-nav').slick({\r\n                infinite: true,\r\n                dots: false,\r\n                lazyLoad: 'ondemand',\r\n                arrows: true,\r\n                fade: false,\r\n                speed: 500,\r\n                pauseOnHover: true,\r\n                asNavFor: '.slider-produktvergleich',\r\n                focusOnSelect: true,\r\n                slidesToShow: 4,\r\n                slidesToScroll: 1,\r\n                swipeToSlide: true,\r\n                prevArrow: '<div class=\"slick-prev slick-button\"><svg xmlns=\"http:\/\/www.w3.org\/2000\/svg\" viewBox=\"0 0 448 512\"><!--! Font Awesome Pro 6.1.1 by @fontawesome - https:\/\/fontawesome.com License - https:\/\/fontawesome.com\/license (Commercial License) Copyright 2022 Fonticons, Inc. --><path d=\"M77.25 256l137.4-137.4c12.5-12.5 12.5-32.75 0-45.25s-32.75-12.5-45.25 0l-160 160c-12.5 12.5-12.5 32.75 0 45.25l160 160C175.6 444.9 183.8 448 192 448s16.38-3.125 22.62-9.375c12.5-12.5 12.5-32.75 0-45.25L77.25 256zM269.3 256l137.4-137.4c12.5-12.5 12.5-32.75 0-45.25s-32.75-12.5-45.25 0l-160 160c-12.5 12.5-12.5 32.75 0 45.25l160 160C367.6 444.9 375.8 448 384 448s16.38-3.125 22.62-9.375c12.5-12.5 12.5-32.75 0-45.25L269.3 256z\"\/><\/svg><\/div>',\r\n                nextArrow: '<div class=\"slick-next slick-button\"><svg xmlns=\"http:\/\/www.w3.org\/2000\/svg\" viewBox=\"0 0 448 512\"><!--! Font Awesome Pro 6.1.1 by @fontawesome - https:\/\/fontawesome.com License - https:\/\/fontawesome.com\/license (Commercial License) Copyright 2022 Fonticons, Inc. --><path fill=\"ff0000\" style=\"height: 22px\" d=\"M246.6 233.4l-160-160c-12.5-12.5-32.75-12.5-45.25 0s-12.5 32.75 0 45.25L178.8 256l-137.4 137.4c-12.5 12.5-12.5 32.75 0 45.25C47.63 444.9 55.81 448 64 448s16.38-3.125 22.62-9.375l160-160C259.1 266.1 259.1 245.9 246.6 233.4zM438.6 233.4l-160-160c-12.5-12.5-32.75-12.5-45.25 0s-12.5 32.75 0 45.25L370.8 256l-137.4 137.4c-12.5 12.5-12.5 32.75 0 45.25C239.6 444.9 247.8 448 256 448s16.38-3.125 22.62-9.375l160-160C451.1 266.1 451.1 245.9 438.6 233.4z\"\/><\/svg><\/div>',\r\n                responsive: [\r\n                    {\r\n                        breakpoint: 768,\r\n                        settings: {\r\n                            slidesToShow: 3,\r\n                        }\r\n                    },\r\n                    {\r\n                        breakpoint: 480,\r\n                        settings: {\r\n                            slidesToShow: 2,\r\n                        }\r\n                    }\r\n                ]\r\n            });\r\n        });\r\n    });\r\n<\/script>\r\n\r\n<div class=\"inner slider-produktvergleich-container\">\r\n    <div class=\"slider-produktvergleich-container--flex\">\r\n        <div id=\"slider-produktvergleich-block_90cb5f91a36029bf86150c69d188669d\" class=\"slider-produktvergleich\">\r\n                                                <div class=\"single-slide\">\r\n                        <div class=\"single-slide-img-area\">\r\n                                                                                                                    <img decoding=\"async\" width=\"1083\" height=\"720\" src=\"https:\/\/www.efaflex.ch\/wp-content\/uploads\/sites\/5\/2022\/07\/sicherheit-branche-industrietore-secure-efaflex-1083x720.jpg\" class=\"attachment-slider-produktvergleich-full size-slider-produktvergleich-full\" alt=\"\" srcset=\"https:\/\/www.efaflex.ch\/wp-content\/uploads\/sites\/5\/2022\/07\/sicherheit-branche-industrietore-secure-efaflex-1083x720.jpg 1083w, https:\/\/www.efaflex.ch\/wp-content\/uploads\/sites\/5\/2022\/07\/sicherheit-branche-industrietore-secure-efaflex-382x254.jpg 382w\" sizes=\"(max-width: 1083px) 100vw, 1083px\" \/>                                                    <\/div>\r\n                    <\/div>\r\n                                    <div class=\"single-slide\">\r\n                        <div class=\"single-slide-img-area\">\r\n                                                                                                                    <img decoding=\"async\" width=\"1083\" height=\"720\" src=\"https:\/\/www.efaflex.ch\/wp-content\/uploads\/sites\/5\/2022\/07\/sicherheit-branche-industrietore-effiecient-innenansicht-efaflex-1083x720.jpg\" class=\"attachment-slider-produktvergleich-full size-slider-produktvergleich-full\" alt=\"\" srcset=\"https:\/\/www.efaflex.ch\/wp-content\/uploads\/sites\/5\/2022\/07\/sicherheit-branche-industrietore-effiecient-innenansicht-efaflex-1083x720.jpg 1083w, https:\/\/www.efaflex.ch\/wp-content\/uploads\/sites\/5\/2022\/07\/sicherheit-branche-industrietore-effiecient-innenansicht-efaflex-382x254.jpg 382w\" sizes=\"(max-width: 1083px) 100vw, 1083px\" \/>                                                    <\/div>\r\n                    <\/div>\r\n                                    <div class=\"single-slide\">\r\n                        <div class=\"single-slide-img-area\">\r\n                                                                                                                    <img decoding=\"async\" width=\"1083\" height=\"720\" src=\"https:\/\/www.efaflex.ch\/wp-content\/uploads\/sites\/5\/2022\/07\/sicherheit-branche-industrietore-effiecient-aussenansicht-efaflex-1083x720.jpg\" class=\"attachment-slider-produktvergleich-full size-slider-produktvergleich-full\" alt=\"\" srcset=\"https:\/\/www.efaflex.ch\/wp-content\/uploads\/sites\/5\/2022\/07\/sicherheit-branche-industrietore-effiecient-aussenansicht-efaflex-1083x720.jpg 1083w, https:\/\/www.efaflex.ch\/wp-content\/uploads\/sites\/5\/2022\/07\/sicherheit-branche-industrietore-effiecient-aussenansicht-efaflex-382x254.jpg 382w\" sizes=\"(max-width: 1083px) 100vw, 1083px\" \/>                                                    <\/div>\r\n                    <\/div>\r\n                                    <\/div>\r\n\r\n        <div class=\"single-slide-text-area\">\r\n            <h2><strong>Zone de s\u00e9curit\u00e9\u00a0<\/strong><\/h2>\n<p>EFA-SST\u00ae Secure<\/p>\n<ul>\n<li>Resistance class 4 (classe de r\u00e9sistance) selon la norme DIN\/TS 18194:2020 &#8211; RC 4.<\/li>\n<li>Resistance class 3 (classe de r\u00e9sistance) selon la norme DIN\/TS 18194:2020 &#8211; RC 3.<\/li>\n<li>Verrouillages automatiques des deux c\u00f4t\u00e9s \u00e0 chaque fermeture.<\/li>\n<\/ul>\n<p>EFA-SST\u00ae Efficient<\/p>\n<ul>\n<li>Resistance class 2 (classe de r\u00e9sistance) selon la norme DIN\/TS 18194:2020 &#8211; RC 2.<\/li>\n<li>Porte rapide \u00e0 spirale sans ressorts peu encombrante pour des espaces restreints.<\/li>\n<li style=\"list-style-type: none\"><\/li>\n<\/ul>\n        <\/div>\r\n    <\/div>\r\n\r\n    <div class=\"slider-produktvergleich-nav\">\r\n                                    <div class=\"single-nav-slide\">\r\n                                                            <div class=\"img-box\" style=\"background-image: url('https:\/\/www.efaflex.ch\/wp-content\/uploads\/sites\/5\/2022\/07\/sicherheit-branche-industrietore-secure-efaflex-382x254.jpg')\"><\/div>\r\n                <\/div>\r\n                            <div class=\"single-nav-slide\">\r\n                                                            <div class=\"img-box\" style=\"background-image: url('https:\/\/www.efaflex.ch\/wp-content\/uploads\/sites\/5\/2022\/07\/sicherheit-branche-industrietore-effiecient-innenansicht-efaflex-382x254.jpg')\"><\/div>\r\n                <\/div>\r\n                            <div class=\"single-nav-slide\">\r\n                                                            <div class=\"img-box\" style=\"background-image: url('https:\/\/www.efaflex.ch\/wp-content\/uploads\/sites\/5\/2022\/07\/sicherheit-branche-industrietore-effiecient-aussenansicht-efaflex-382x254.jpg')\"><\/div>\r\n                <\/div>\r\n                        <\/div>\r\n<\/div>\n\n\n<div style=\"height:100px\" aria-hidden=\"true\" class=\"wp-block-spacer\"><\/div>\n\n\n\r\n<div class=\"inner\">\r\n            <h2>Portes rapides pour les zones de s\u00e9curit\u00e9<\/h2>\r\n        <div class=\"custom-flex-box\">\r\n        \r\n        \r\n        \r\n                            \r\n                \r\n                                    \r\n                        <a href=\"https:\/\/www.efaflex.ch\/fr\/portes-rapides\/portes-a-enroulement-spirale\/serie-efaprotect\/efa-sst-secure-rc-3\/\" class=\"single-kategorie-block flex-box-twentyfive\"  style=\"background-image: url(' https:\/\/www.efaflex.ch\/wp-content\/uploads\/sites\/5\/2022\/06\/serie-s-schnellauftor-spiraltor-efa-sst-secure-rc3-vorschau-efaflex.jpg')\">\r\n                            <div class=\"text-content\">\r\n                                <span>EFA-SST\u00ae Secure RC3<\/span>\r\n                                                                    <h3 class=\"medium-h2\">Porte rapide \u00e0 spirale EFA-SST\u00ae Secure (RC 3)<\/h3>\r\n                                \r\n                                <div class=\"load-more-button\">En savoir plus<\/div>\r\n\r\n                            <\/div>\r\n                            <div class=\"gradient-background\"><\/div>                        <\/a>\r\n\r\n                    \r\n                        <a href=\"https:\/\/www.efaflex.ch\/fr\/portes-rapides\/portes-a-enroulement-spirale\/serie-efaprotect\/efa-sst-secure-rc-4\/\" class=\"single-kategorie-block flex-box-twentyfive\"  style=\"background-image: url(' https:\/\/www.efaflex.ch\/wp-content\/uploads\/sites\/5\/2022\/06\/serie-s-schnellauftor-spiraltor-efa-sst-secure-rc4-vorschau-efaflex.jpg')\">\r\n                            <div class=\"text-content\">\r\n                                <span>EFA-SST\u00ae Secure RC4<\/span>\r\n                                                                    <h3 class=\"medium-h2\">Porte rapide \u00e0 spirale EFA-SST\u00ae Secure (RC 4)<\/h3>\r\n                                \r\n                                <div class=\"load-more-button\">En savoir plus<\/div>\r\n\r\n                            <\/div>\r\n                            <div class=\"gradient-background\"><\/div>                        <\/a>\r\n\r\n                    \r\n                        <a href=\"https:\/\/www.efaflex.ch\/fr\/portes-rapides\/portes-a-enroulement-spirale\/serie-efaprotect\/efa-sst-efficient-rc2\/\" class=\"single-kategorie-block flex-box-twentyfive\"  style=\"background-image: url(' https:\/\/www.efaflex.ch\/wp-content\/uploads\/sites\/5\/2022\/06\/serie-s-schnellauftor-spiraltor-efa-sst-efficient-vorschau-efaflex.jpg')\">\r\n                            <div class=\"text-content\">\r\n                                <span>EFA-SST\u00ae Efficient <\/span>\r\n                                                                    <h3 class=\"medium-h2\">Porte rapide \u00e0 spirale EFA-SST\u00ae Efficient (RC2)<\/h3>\r\n                                \r\n                                <div class=\"load-more-button\">En savoir plus<\/div>\r\n\r\n                            <\/div>\r\n                            <div class=\"gradient-background\"><\/div>                        <\/a>\r\n\r\n                    \r\n                        <a href=\"https:\/\/www.efaflex.ch\/fr\/portes-rapides\/portes-a-enroulement-spirale\/next-generation\/efa-sst-therm\/\" class=\"single-kategorie-block flex-box-twentyfive\"  style=\"background-image: url(' https:\/\/www.efaflex.ch\/wp-content\/uploads\/sites\/5\/2024\/04\/EFA-SST-Therm-plattformtor-efaflex.jpg')\">\r\n                            <div class=\"text-content\">\r\n                                <span>EFA-SST\u00ae Therm<\/span>\r\n                                                                    <h3 class=\"medium-h2\">Porte rapide \u00e0 spirale EFA-SST\u00ae Therm<\/h3>\r\n                                \r\n                                <div class=\"load-more-button\">En savoir plus<\/div>\r\n\r\n                            <\/div>\r\n                            <div class=\"gradient-background\"><\/div>                        <\/a>\r\n\r\n                                                        \r\n                        <\/div>\r\n    <\/div>\r\n\r\n\n\n\n<div style=\"height:200px\" aria-hidden=\"true\" class=\"wp-block-spacer\"><\/div>\n\n\n<div id=\"contact-modul-block_dc37d6697f0978722b7d6901b06e6fea\" class=\"contact-modul contact-modul-fifty\">\r\n    <div class=\"inner\">\r\n        <div class=\"custom-flex-box\">\r\n            <div class=\"flex-box-fifty\">\r\n                                                            <h2>Vous avez des questions ?<\/h2>\r\n                                                                        <\/div>\r\n            <div class=\"flex-box-fifty contact-modul--contact\">\r\n                                                            <span>Prenez contact avec nous.<\/span>\r\n                        <p>Nous sommes l\u00e0 pour vous!<\/p>\r\n                                                                            <a class=\"load-more-button\" href=\"https:\/\/www.efaflex.ch\/fr\/contact\/\" target=\"\">Vers le formulaire de contact en ligne<\/a>\r\n                                                                        <\/div>\r\n        <\/div>\r\n    <\/div>\r\n<\/div>\n\n\n<div style=\"height:200px\" aria-hidden=\"true\" class=\"wp-block-spacer\"><\/div>\n\n\n<div class=\"inner\">\r\n    <div id=\"bild-text-modul-1-3-block_f812bc02b3f9f726d1f25b85cfb6fd43\" class=\"themen-container custom-flex-box\">\r\n                                    <div class=\"thema-box flex-box-thirty\">\r\n                                            <div class=\"bild-box\">\r\n                                                                                                                    <img decoding=\"async\" width=\"517\" height=\"306\" src=\"https:\/\/www.efaflex.ch\/wp-content\/uploads\/sites\/5\/2022\/07\/ausschreibungstexte-service-klein-efaflex.jpg\" class=\"attachment-thementease-thumbnail size-thementease-thumbnail\" alt=\"\" srcset=\"https:\/\/www.efaflex.ch\/wp-content\/uploads\/sites\/5\/2022\/07\/ausschreibungstexte-service-klein-efaflex.jpg 517w, https:\/\/www.efaflex.ch\/wp-content\/uploads\/sites\/5\/2022\/07\/ausschreibungstexte-service-klein-efaflex-300x178.jpg 300w\" sizes=\"(max-width: 517px) 100vw, 517px\" \/>                                                    <\/div>\r\n                                            \r\n                                                                <h2 class=\"headline-two\">\r\n                                                        Textes d\u2019appels d\u2019offres                        <\/h2>\r\n                    \r\n                        <p class=\"normal-font\">Nous mettons des textes d\u2019appels d\u2019offres d\u00e9taill\u00e9s de nos produits \u00e0 la disposition des architectes et planificateurs. Il ne vous reste qu\u2019\u00e0 indiquer la hauteur et la largeur de passage, la couleur et la disposition du moteur.<\/p>\r\n                                                                                                                                                                                                        <a href=\"https:\/\/www.efaflex.ch\/fr\/service-apres-vente\/textes-dappels-doffres\/\" class=\"load-more-button\">En savoir plus<\/a>\r\n                                                                                                                                    <\/div>\r\n                            <div class=\"thema-box flex-box-thirty\">\r\n                                            <div class=\"bild-box\">\r\n                                                                                                                    <img decoding=\"async\" width=\"517\" height=\"306\" src=\"https:\/\/www.efaflex.ch\/wp-content\/uploads\/sites\/5\/2022\/07\/Digitales_Tor_Tablet_A3-5-1.jpg\" class=\"attachment-thementease-thumbnail size-thementease-thumbnail\" alt=\"\" srcset=\"https:\/\/www.efaflex.ch\/wp-content\/uploads\/sites\/5\/2022\/07\/Digitales_Tor_Tablet_A3-5-1.jpg 517w, https:\/\/www.efaflex.ch\/wp-content\/uploads\/sites\/5\/2022\/07\/Digitales_Tor_Tablet_A3-5-1-300x178.jpg 300w\" sizes=\"(max-width: 517px) 100vw, 517px\" \/>                                                    <\/div>\r\n                                            \r\n                                                                <h2 class=\"headline-two\">\r\n                                                        Contact                        <\/h2>\r\n                    \r\n                        <p class=\"normal-font\">Vous pouvez joindre nos collaboratrices et collaborateurs EFAFLEX sp\u00e9cialis\u00e9s via notre assistance t\u00e9l\u00e9phonique permanente en langue allemande, par e-mail et, bien s\u00fbr, par l\u2019interm\u00e9diaire de votre interlocuteur personnel sur place.<\/p>\r\n                                                                                                                                                                                                        <a href=\"https:\/\/www.efaflex.ch\/fr\/contact\/\" class=\"load-more-button\">En savoir plus<\/a>\r\n                                                                                                                                    <\/div>\r\n                        <\/div>\r\n<\/div>\r\n\n\n\n<div style=\"height:100px\" aria-hidden=\"true\" class=\"wp-block-spacer\"><\/div>\n","protected":false},"excerpt":{"rendered":"","protected":false},"author":10,"featured_media":0,"parent":12758,"menu_order":18,"comment_status":"closed","ping_status":"closed","template":"","meta":{"_acf_changed":false,"footnotes":""},"class_list":["post-12722","page","type-page","status-publish","hentry"],"acf":[],"_links":{"self":[{"href":"https:\/\/www.efaflex.ch\/fr\/wp-json\/wp\/v2\/pages\/12722","targetHints":{"allow":["GET"]}}],"collection":[{"href":"https:\/\/www.efaflex.ch\/fr\/wp-json\/wp\/v2\/pages"}],"about":[{"href":"https:\/\/www.efaflex.ch\/fr\/wp-json\/wp\/v2\/types\/page"}],"author":[{"embeddable":true,"href":"https:\/\/www.efaflex.ch\/fr\/wp-json\/wp\/v2\/users\/10"}],"replies":[{"embeddable":true,"href":"https:\/\/www.efaflex.ch\/fr\/wp-json\/wp\/v2\/comments?post=12722"}],"version-history":[{"count":7,"href":"https:\/\/www.efaflex.ch\/fr\/wp-json\/wp\/v2\/pages\/12722\/revisions"}],"predecessor-version":[{"id":17786,"href":"https:\/\/www.efaflex.ch\/fr\/wp-json\/wp\/v2\/pages\/12722\/revisions\/17786"}],"up":[{"embeddable":true,"href":"https:\/\/www.efaflex.ch\/fr\/wp-json\/wp\/v2\/pages\/12758"}],"wp:attachment":[{"href":"https:\/\/www.efaflex.ch\/fr\/wp-json\/wp\/v2\/media?parent=12722"}],"curies":[{"name":"wp","href":"https:\/\/api.w.org\/{rel}","templated":true}]}}