{"id":12765,"date":"2022-05-10T10:11:36","date_gmt":"2022-05-10T08:11:36","guid":{"rendered":"https:\/\/www.efaflex.ch\/impressum\/"},"modified":"2026-05-11T14:18:21","modified_gmt":"2026-05-11T12:18:21","slug":"impressum","status":"publish","type":"page","link":"https:\/\/www.efaflex.ch\/fr\/impressum\/","title":{"rendered":"Impressum"},"content":{"rendered":"\n<div style=\"height:100px\" aria-hidden=\"true\" class=\"wp-block-spacer\"><\/div>\n\n\n\n<h2 class=\"wp-block-heading\">Mentions l\u00e9gales d\u2019EFAFLEX<\/h2>\n\n\n\n<p>EFAFLEX Swiss GmbH<br>Rue de l&#8217;Industrie 59\u00a0<br>1030 Bussigny, Suisse<br>Tel.: 043 322 90 20<br>E-Mail: info@efaflex.CH<br>Directeur g\u00e9n\u00e9ral\u00a0: Felix Schneider<\/p>\n\n\n\n<p><br>Num\u00e9ro TVA&nbsp;: CHE-114.317.981<br>Num\u00e9ro registre du commerce&nbsp;: CH-020.4.037.832-2<\/p>\n\n\n\n<h2 class=\"wp-block-heading\">Conditions g\u00e9n\u00e9rales de vente<\/h2>\n\n\n\n<p>Vous trouverez nos conditions g\u00e9n\u00e9rales de vente sur la <a href=\"https:\/\/www.efaflex.ch\/fr\/agb\/\">la page CGV<\/a>.<\/p>\n\n\n\n<h2 class=\"wp-block-heading\">Mention l\u00e9gale<\/h2>\n\n\n\n<p>EFAFLEX Swiss GmbH v\u00e9rifie et actualise en permanence les informations figurant sur son site Internet. Malgr\u00e9 tout le soin apport\u00e9, des donn\u00e9es peuvent avoir \u00e9t\u00e9 modifi\u00e9es entre-temps. Nous ne pouvons donc pas garantir l\u2019actualit\u00e9, l\u2019exactitude et l\u2019exhaustivit\u00e9 des informations mises \u00e0 disposition.<\/p>\n\n\n\n<p>Il en va de m\u00eame pour tous les autres sites Internet auxquels il est fait r\u00e9f\u00e9rence via des hyperliens. EFAFLEX Swiss GmbH n\u2019est pas responsable du contenu des sites Internet accessibles via ces liens.<\/p>\n\n\n\n<p><br><br>En outre, EFAFLEX Swiss GmbH se r\u00e9serve le droit de modifier ou de compl\u00e9ter les informations mises \u00e0 disposition.<br><br>Le contenu et la structure des pages du site Internet d\u2019EFAFLEX sont prot\u00e9g\u00e9s par des droits d\u2019auteur.<br><br>\u00a9 EFAFLEX Tor- und Sicherheitssysteme GmbH &amp; Co. KG, 84079 Bruckberg<br><\/p>\n\n\n\n<h2 class=\"wp-block-heading\">Cr\u00e9dits photographiques<\/h2>\n\n\n\n<p><strong>iStock<\/strong><\/p>\n\n\n\n<p>\u00a9iStock.com\/industryview (942164000, 941391886)<br>\u00a9iStock.com\/eclipse_images (877709302)<br>\u00a9iStock.com\/GA161076 (970028456)<br>\u00a9iStock.com\/alvarez (1150572097, 1020484974, 1210182380)<br>\u00a9iStock.com\/7postman (186678868)<br>\u00a9iStock.com\/gilaxia (937775554)<br>\u00a9iStock.com\/Drazen-Zigic (1152648684, 1151857241)<br>\u00a9iStock.com\/Siam-Virachitevin (1330673199)<br>\u00a9iStock.com\/gorodenkoff (1367303257)<br>\u00a9iStock.com\/Jay-Yuno (1149529036)<br>\u00a9iStock.com\/skynesher (1329457625, 1002018094, 1364149635)<br>\u00a9iStock.com\/AzmanL (1338554612)<br>\u00a9iStock.com\/FG-Trade (1356386941)<br>\u00a9iStock.com\/Sam-Edwards (167890336)<br>\u00a9iStock.com\/ferrantraite (949490872)<br>\u00a9iStock.com\/Devenorr (1208877001)<br>\u00a9iStock.com\/gremlin (1179434300)<br>\u00a9iStock.com\/Morsa-Images (923222068)<br>\u00a9iStock.com\/AJ_Watt (612854434)<br>\u00a9iStock.com\/Warchi (1351472483)<br>\u00a9iStock.com\/RossHelen (1189488073)<br>\u00a9iStock.com\/hamzaturkkol (184141620)<br>\u00a9iStock.com\/metamorworks (1032516708)<br>\u00a9iStock.com\/Deklofenak (1145430146)<br>\u00a9iStock.com\/nd3000 (850817850)<br>\u00a9iStock.com\/TommL (1014150688)<br>\u00a9iStock.com\/Boris-Jovanovic (1192303836)<br>\u00a9iStock.com\/Halfpoint (1212543391)<br>\u00a9iStock.com\/VioletaStoimenova (1365436662)<br>\u00a9iStock.com\/shapecharge (1185859198)<br>\u00a9iStock.com\/Xavier-Arnau (607463118)<br>\u00a9iStock.com\/Drazen_ (1323558253)<\/p>\n","protected":false},"excerpt":{"rendered":"<p>Mentions l\u00e9gales d\u2019EFAFLEX EFAFLEX Swiss GmbHRue de l&#8217;Industrie 59\u00a01030 Bussigny, SuisseTel.: 043 322 90 20E-Mail: info@efaflex.CHDirecteur g\u00e9n\u00e9ral\u00a0: Felix Schneider Num\u00e9ro TVA&nbsp;: CHE-114.317.981Num\u00e9ro registre du commerce&nbsp;: CH-020.4.037.832-2 Conditions g\u00e9n\u00e9rales de vente Vous trouverez nos conditions g\u00e9n\u00e9rales de vente sur la la page CGV. Mention l\u00e9gale EFAFLEX Swiss GmbH v\u00e9rifie et actualise en permanence les informations figurant [&hellip;]<\/p>\n","protected":false},"author":2,"featured_media":0,"parent":0,"menu_order":117,"comment_status":"closed","ping_status":"closed","template":"","meta":{"_acf_changed":false,"footnotes":""},"class_list":["post-12765","page","type-page","status-publish","hentry"],"acf":[],"_links":{"self":[{"href":"https:\/\/www.efaflex.ch\/fr\/wp-json\/wp\/v2\/pages\/12765","targetHints":{"allow":["GET"]}}],"collection":[{"href":"https:\/\/www.efaflex.ch\/fr\/wp-json\/wp\/v2\/pages"}],"about":[{"href":"https:\/\/www.efaflex.ch\/fr\/wp-json\/wp\/v2\/types\/page"}],"author":[{"embeddable":true,"href":"https:\/\/www.efaflex.ch\/fr\/wp-json\/wp\/v2\/users\/2"}],"replies":[{"embeddable":true,"href":"https:\/\/www.efaflex.ch\/fr\/wp-json\/wp\/v2\/comments?post=12765"}],"version-history":[{"count":6,"href":"https:\/\/www.efaflex.ch\/fr\/wp-json\/wp\/v2\/pages\/12765\/revisions"}],"predecessor-version":[{"id":21111,"href":"https:\/\/www.efaflex.ch\/fr\/wp-json\/wp\/v2\/pages\/12765\/revisions\/21111"}],"wp:attachment":[{"href":"https:\/\/www.efaflex.ch\/fr\/wp-json\/wp\/v2\/media?parent=12765"}],"curies":[{"name":"wp","href":"https:\/\/api.w.org\/{rel}","templated":true}]}}